{"id":228,"date":"2021-12-06T16:29:33","date_gmt":"2021-12-06T16:29:33","guid":{"rendered":"https:\/\/websitebuilder-demo.net\/lavish\/?page_id=61"},"modified":"2026-01-25T23:11:01","modified_gmt":"2026-01-25T23:11:01","slug":"demo-dining","status":"publish","type":"page","link":"https:\/\/tantemarie.at\/?page_id=228","title":{"rendered":"Impressum"},"content":{"rendered":"<div class=\"brz brz-root__container brz-reset-all brz-root__container-page\" >\n<section id=\"edjawdhjdxdrcpygddepnhmtznesiukrlkil_edjawdhjdxdrcpygddepnhmtznesiukrlkil\" class=\"brz-section brz-css-d-section brz-css-1ckbat5\">\n<div class=\"brz-section__content brz-section--boxed brz-css-d-sectionitem-bg brz-css-zdojdb\" data-brz-custom-id=\"wuuedprcnvnppgysfkjdynzehptjvmokvtns\">\n<div class=\"brz-bg\">\n<div class=\"brz-bg-color\"><\/div>\n<\/div>\n<div class=\"brz-container brz-css-d-sectionitem-container brz-css-1e8ip0q\">\n<div class=\"brz-row__container brz-css-d-row-row brz-css-1sho5cf\" data-brz-custom-id=\"jufvmslfetihuersijwrgcuhuxofidvhwdxg\">\n<div class=\"brz-row brz-css-d-row-container brz-css-r-row-container brz-css-1ss0cyq\">\n<div class=\"brz-columns brz-css-d-column-column brz-css-1t1w1hd\" data-brz-custom-id=\"pjxpexzooekimrfmhizxdruzqbumgovpbuop\">\n<div class=\"brz-column__items brz-css-d-column-bg brz-css-1x7ul2s\">\n<div id=\"\" class=\"brz-css-d-wrapper brz-css-1jrwgl5 brz-wrapper\">\n<div class=\"brz-rich-text brz-rich-text__custom brz-css-d-richtext brz-css-zm9xsi\" data-brz-custom-id=\"tazqezbxbtouxhivtxtdicduwqfemtjckayn\">\n<div data-brz-translate-text=\"1\">\n<h3 class=\"brz-tp-lg-heading3 brz-text-xs-center brz-css-snZMV\" data-generated-css=\"brz-css-gfbJD\" data-uniq-id=\"y6ZY7\"><span style=\"color: rgba(var(--brz-global-color7),1);\" class=\"brz-cp-color7\">Impressum<\/span><\/h3>\n<\/div>\n<\/div>\n<\/div>\n<div id=\"\" class=\"brz-css-d-wrapper brz-css-r-wrapper brz-css-a4lc12 brz-wrapper\">\n<div class=\"brz-spacer brz-css-d-spacer brz-css-tmjpbt\"><\/div>\n<\/div>\n<div id=\"\" class=\"brz-css-d-wrapper brz-css-fqmta5 brz-wrapper\">\n<div class=\"brz-rich-text brz-rich-text__custom brz-css-d-richtext brz-css-loltf2\" data-brz-custom-id=\"taqqdybnmjhwfznenupalpsbvsoyxfyshfvb\">\n<div data-brz-translate-text=\"1\">\n<p class=\"brz-tp-lg-paragraph brz-text-xs-center brz-css-fltLV\" data-generated-css=\"brz-css-wtbFu\" data-uniq-id=\"pnLRl\"><span class=\"brz-cp-color7\">Verantwortlich f\u00fcr den Inhalt nach \u00f6sterreichischem Recht: <\/span><\/p>\n<p class=\"brz-tp-lg-paragraph brz-text-xs-center brz-css-lsCG0\" data-generated-css=\"brz-css-mV2dC\" data-uniq-id=\"dzxpG\"><span class=\"brz-cp-color7\">Anna Gayduk<\/span><\/p>\n<p class=\"brz-tp-lg-paragraph brz-text-xs-center brz-css-glvKU\" data-generated-css=\"brz-css-nbPfd\" data-uniq-id=\"yeSkb\"><span class=\"brz-cp-color7\">Argenzipfel 47, 6883 Au (Vorarlberg), \u00d6sterreich <\/span><\/p>\n<p class=\"brz-tp-lg-paragraph brz-text-xs-center brz-css-ptF4x\" data-generated-css=\"brz-css-l8RCF\" data-uniq-id=\"u_oI4\"><\/p>\n<p class=\"brz-tp-lg-paragraph brz-text-xs-center brz-css-r72jo\" data-generated-css=\"brz-css-k9xf7\" data-uniq-id=\"jL71N\"><span class=\"brz-cp-color7\">Kontakt: Telefon +43 681 20224490, E-Mail <\/span><a class=\"brz-cp-color7 link--external\" href=\"mailto:zumkuenstler@yahoo.com\" data-brz-link-type=\"external\">zumkuenstler@yahoo.com<\/a><\/p>\n<p class=\"brz-tp-lg-paragraph brz-text-xs-center brz-css-l8UGq\" data-generated-css=\"brz-css-w3RGB\" data-uniq-id=\"t5UNa\"><\/p>\n<p class=\"brz-tp-lg-paragraph brz-text-xs-center brz-css-rAIko\" data-generated-css=\"brz-css-vEvjk\" data-uniq-id=\"nLdkK\"><span class=\"brz-cp-color7\">(Inhaltliche Verantwortung: Anna Gayduk) <\/span><\/p>\n<p class=\"brz-tp-lg-paragraph brz-text-xs-center brz-css-nd3Ud\" data-generated-css=\"brz-css-jnEbb\" data-uniq-id=\"qVG1H\"><\/p>\n<\/div>\n<\/div>\n<\/div>\n<div id=\"\" class=\"brz-css-d-wrapper brz-css-r-wrapper brz-css-7ichso brz-wrapper\">\n<div class=\"brz-spacer brz-css-d-spacer brz-css-1y49x9q\"><\/div>\n<\/div>\n<\/div>\n<\/div>\n<\/div>\n<\/div>\n<\/div>\n<\/div>\n<\/section><\/div>\n<p><!-- version:1769382661 --><\/p>\n","protected":false},"excerpt":{"rendered":"<p>Impressum Verantwortlich f\u00fcr den Inhalt nach \u00f6sterreichischem Recht: Anna Gayduk Argenzipfel 47, 6883 Au (Vorarlberg), \u00d6sterreich Kontakt: Telefon +43 681 20224490, E-Mail zumkuenstler@yahoo.com (Inhaltliche Verantwortung: Anna Gayduk)<\/p>\n","protected":false},"author":1,"featured_media":0,"parent":0,"menu_order":0,"comment_status":"closed","ping_status":"closed","template":"brizy-blank-template.php","meta":{"footnotes":""},"class_list":["post-228","page","type-page","status-publish","hentry"],"brizy_media":[],"_links":{"self":[{"href":"https:\/\/tantemarie.at\/index.php?rest_route=\/wp\/v2\/pages\/228","targetHints":{"allow":["GET"]}}],"collection":[{"href":"https:\/\/tantemarie.at\/index.php?rest_route=\/wp\/v2\/pages"}],"about":[{"href":"https:\/\/tantemarie.at\/index.php?rest_route=\/wp\/v2\/types\/page"}],"author":[{"embeddable":true,"href":"https:\/\/tantemarie.at\/index.php?rest_route=\/wp\/v2\/users\/1"}],"replies":[{"embeddable":true,"href":"https:\/\/tantemarie.at\/index.php?rest_route=%2Fwp%2Fv2%2Fcomments&post=228"}],"version-history":[{"count":6,"href":"https:\/\/tantemarie.at\/index.php?rest_route=\/wp\/v2\/pages\/228\/revisions"}],"predecessor-version":[{"id":412,"href":"https:\/\/tantemarie.at\/index.php?rest_route=\/wp\/v2\/pages\/228\/revisions\/412"}],"wp:attachment":[{"href":"https:\/\/tantemarie.at\/index.php?rest_route=%2Fwp%2Fv2%2Fmedia&parent=228"}],"curies":[{"name":"wp","href":"https:\/\/api.w.org\/{rel}","templated":true}]}}